{"id":1344,"date":"2025-08-11T13:47:56","date_gmt":"2025-08-11T11:47:56","guid":{"rendered":"https:\/\/villapepita.cooperativagando.com\/?page_id=1344"},"modified":"2025-08-12T11:46:29","modified_gmt":"2025-08-12T09:46:29","slug":"contacto","status":"publish","type":"page","link":"https:\/\/villapepita.cooperativagando.com\/index.php\/contacto\/","title":{"rendered":"Contacto"},"content":{"rendered":"\t\t<div data-elementor-type=\"wp-page\" data-elementor-id=\"1344\" class=\"elementor elementor-1344\">\n\t\t\t\t\t\t<section class=\"elementor-section elementor-top-section elementor-element elementor-element-7bbcb75a elementor-section-boxed elementor-section-height-default elementor-section-height-default\" data-id=\"7bbcb75a\" data-element_type=\"section\" id=\"rh-locations\">\n\t\t\t\t\t\t<div class=\"elementor-container elementor-column-gap-default\">\n\t\t\t\t\t<div class=\"elementor-column elementor-col-100 elementor-top-column elementor-element elementor-element-7e048dc2\" data-id=\"7e048dc2\" data-element_type=\"column\">\n\t\t\t<div class=\"elementor-widget-wrap elementor-element-populated\">\n\t\t\t\t\t\t<div class=\"elementor-element elementor-element-35df0e3 elementor-widget elementor-widget-heading\" data-id=\"35df0e3\" data-element_type=\"widget\" data-widget_type=\"heading.default\">\n\t\t\t\t\t<span class=\"elementor-heading-title elementor-size-default\">- Ubicaci\u00f3n inmejorable<\/span>\t\t\t\t<\/div>\n\t\t\t\t<div class=\"elementor-element elementor-element-49614b73 elementor-widget elementor-widget-heading\" data-id=\"49614b73\" data-element_type=\"widget\" data-widget_type=\"heading.default\">\n\t\t\t\t\t<h2 class=\"elementor-heading-title elementor-size-default\">Estamos a tu disposici\u00f3n<\/h2>\t\t\t\t<\/div>\n\t\t\t\t<div class=\"elementor-element elementor-element-1a8ab5c elementor-widget-divider--view-line elementor-widget elementor-widget-divider\" data-id=\"1a8ab5c\" data-element_type=\"widget\" data-widget_type=\"divider.default\">\n\t\t\t\t\t\t\t<div class=\"elementor-divider\">\n\t\t\t<span class=\"elementor-divider-separator\">\n\t\t\t\t\t\t<\/span>\n\t\t<\/div>\n\t\t\t\t\t\t<\/div>\n\t\t\t\t\t<\/div>\n\t\t<\/div>\n\t\t\t\t\t<\/div>\n\t\t<\/section>\n\t\t\t\t<section class=\"elementor-section elementor-top-section elementor-element elementor-element-3ef1c6bb elementor-section-boxed elementor-section-height-default elementor-section-height-default\" data-id=\"3ef1c6bb\" data-element_type=\"section\">\n\t\t\t\t\t\t<div class=\"elementor-container elementor-column-gap-default\">\n\t\t\t\t\t<div class=\"elementor-column elementor-col-33 elementor-top-column elementor-element elementor-element-3ee37896\" data-id=\"3ee37896\" data-element_type=\"column\">\n\t\t\t<div class=\"elementor-widget-wrap elementor-element-populated\">\n\t\t\t\t\t\t<section class=\"elementor-section elementor-inner-section elementor-element elementor-element-f1d3021 elementor-section-boxed elementor-section-height-default elementor-section-height-default\" data-id=\"f1d3021\" data-element_type=\"section\">\n\t\t\t\t\t\t<div class=\"elementor-container elementor-column-gap-default\">\n\t\t\t\t\t<div class=\"elementor-column elementor-col-50 elementor-inner-column elementor-element elementor-element-aa8f014\" data-id=\"aa8f014\" data-element_type=\"column\">\n\t\t\t<div class=\"elementor-widget-wrap elementor-element-populated\">\n\t\t\t\t\t\t<div class=\"elementor-element elementor-element-271cfeb6 elementor-view-stacked elementor-shape-circle elementor-widget elementor-widget-icon\" data-id=\"271cfeb6\" data-element_type=\"widget\" data-widget_type=\"icon.default\">\n\t\t\t\t\t\t\t<div class=\"elementor-icon-wrapper\">\n\t\t\t<div class=\"elementor-icon\">\n\t\t\t<svg aria-hidden=\"true\" class=\"e-font-icon-svg e-fas-phone\" viewBox=\"0 0 512 512\" xmlns=\"http:\/\/www.w3.org\/2000\/svg\"><path d=\"M493.4 24.6l-104-24c-11.3-2.6-22.9 3.3-27.5 13.9l-48 112c-4.2 9.8-1.4 21.3 6.9 28l60.6 49.6c-36 76.7-98.9 140.5-177.2 177.2l-49.6-60.6c-6.8-8.3-18.2-11.1-28-6.9l-112 48C3.9 366.5-2 378.1.6 389.4l24 104C27.1 504.2 36.7 512 48 512c256.1 0 464-207.5 464-464 0-11.2-7.7-20.9-18.6-23.4z\"><\/path><\/svg>\t\t\t<\/div>\n\t\t<\/div>\n\t\t\t\t\t\t<\/div>\n\t\t\t\t\t<\/div>\n\t\t<\/div>\n\t\t\t\t<div class=\"elementor-column elementor-col-50 elementor-inner-column elementor-element elementor-element-38b743c8\" data-id=\"38b743c8\" data-element_type=\"column\">\n\t\t\t<div class=\"elementor-widget-wrap elementor-element-populated\">\n\t\t\t\t\t\t<div class=\"elementor-element elementor-element-617da087 elementor-widget elementor-widget-heading\" data-id=\"617da087\" data-element_type=\"widget\" data-widget_type=\"heading.default\">\n\t\t\t\t\t<h5 class=\"elementor-heading-title elementor-size-default\">Ll\u00e1manos ahora<\/h5>\t\t\t\t<\/div>\n\t\t\t\t<div class=\"elementor-element elementor-element-11be9c42 elementor-widget__width-initial elementor-widget elementor-widget-heading\" data-id=\"11be9c42\" data-element_type=\"widget\" data-widget_type=\"heading.default\">\n\t\t\t\t\t<span class=\"elementor-heading-title elementor-size-default\"><a href=\"tel:+34955679621\">955 679 621<\/a><\/span>\t\t\t\t<\/div>\n\t\t\t\t\t<\/div>\n\t\t<\/div>\n\t\t\t\t\t<\/div>\n\t\t<\/section>\n\t\t\t\t\t<\/div>\n\t\t<\/div>\n\t\t\t\t<div class=\"elementor-column elementor-col-33 elementor-top-column elementor-element elementor-element-1cdbaab3\" data-id=\"1cdbaab3\" data-element_type=\"column\">\n\t\t\t<div class=\"elementor-widget-wrap elementor-element-populated\">\n\t\t\t\t\t\t<section class=\"elementor-section elementor-inner-section elementor-element elementor-element-1a231178 elementor-section-boxed elementor-section-height-default elementor-section-height-default\" data-id=\"1a231178\" data-element_type=\"section\">\n\t\t\t\t\t\t<div class=\"elementor-container elementor-column-gap-default\">\n\t\t\t\t\t<div class=\"elementor-column elementor-col-50 elementor-inner-column elementor-element elementor-element-7618b754\" data-id=\"7618b754\" data-element_type=\"column\">\n\t\t\t<div class=\"elementor-widget-wrap elementor-element-populated\">\n\t\t\t\t\t\t<div class=\"elementor-element elementor-element-1d82cd14 elementor-view-stacked elementor-shape-circle elementor-widget elementor-widget-icon\" data-id=\"1d82cd14\" data-element_type=\"widget\" data-widget_type=\"icon.default\">\n\t\t\t\t\t\t\t<div class=\"elementor-icon-wrapper\">\n\t\t\t<div class=\"elementor-icon\">\n\t\t\t<svg aria-hidden=\"true\" class=\"e-font-icon-svg e-far-envelope\" viewBox=\"0 0 512 512\" xmlns=\"http:\/\/www.w3.org\/2000\/svg\"><path d=\"M464 64H48C21.49 64 0 85.49 0 112v288c0 26.51 21.49 48 48 48h416c26.51 0 48-21.49 48-48V112c0-26.51-21.49-48-48-48zm0 48v40.805c-22.422 18.259-58.168 46.651-134.587 106.49-16.841 13.247-50.201 45.072-73.413 44.701-23.208.375-56.579-31.459-73.413-44.701C106.18 199.465 70.425 171.067 48 152.805V112h416zM48 400V214.398c22.914 18.251 55.409 43.862 104.938 82.646 21.857 17.205 60.134 55.186 103.062 54.955 42.717.231 80.509-37.199 103.053-54.947 49.528-38.783 82.032-64.401 104.947-82.653V400H48z\"><\/path><\/svg>\t\t\t<\/div>\n\t\t<\/div>\n\t\t\t\t\t\t<\/div>\n\t\t\t\t\t<\/div>\n\t\t<\/div>\n\t\t\t\t<div class=\"elementor-column elementor-col-50 elementor-inner-column elementor-element elementor-element-6f68f551\" data-id=\"6f68f551\" data-element_type=\"column\">\n\t\t\t<div class=\"elementor-widget-wrap elementor-element-populated\">\n\t\t\t\t\t\t<div class=\"elementor-element elementor-element-441c585a elementor-widget elementor-widget-heading\" data-id=\"441c585a\" data-element_type=\"widget\" data-widget_type=\"heading.default\">\n\t\t\t\t\t<h5 class=\"elementor-heading-title elementor-size-default\">Escr\u00edbenos un mail<\/h5>\t\t\t\t<\/div>\n\t\t\t\t<div class=\"elementor-element elementor-element-4213c211 elementor-widget elementor-widget-heading\" data-id=\"4213c211\" data-element_type=\"widget\" data-widget_type=\"heading.default\">\n\t\t\t\t\t<span class=\"elementor-heading-title elementor-size-default\"><a href=\"mailto:central@gandorealstate.com\" target=\"_blank\">central@gandorealstate.com<\/a><\/span>\t\t\t\t<\/div>\n\t\t\t\t\t<\/div>\n\t\t<\/div>\n\t\t\t\t\t<\/div>\n\t\t<\/section>\n\t\t\t\t\t<\/div>\n\t\t<\/div>\n\t\t\t\t<div class=\"elementor-column elementor-col-33 elementor-top-column elementor-element elementor-element-670c226\" data-id=\"670c226\" data-element_type=\"column\">\n\t\t\t<div class=\"elementor-widget-wrap elementor-element-populated\">\n\t\t\t\t\t\t<section class=\"elementor-section elementor-inner-section elementor-element elementor-element-40f1c42 elementor-section-boxed elementor-section-height-default elementor-section-height-default\" data-id=\"40f1c42\" data-element_type=\"section\">\n\t\t\t\t\t\t<div class=\"elementor-container elementor-column-gap-default\">\n\t\t\t\t\t<div class=\"elementor-column elementor-col-50 elementor-inner-column elementor-element elementor-element-4256bcc\" data-id=\"4256bcc\" data-element_type=\"column\">\n\t\t\t<div class=\"elementor-widget-wrap elementor-element-populated\">\n\t\t\t\t\t\t<div class=\"elementor-element elementor-element-e42ebfc elementor-view-stacked elementor-shape-circle elementor-widget elementor-widget-icon\" data-id=\"e42ebfc\" data-element_type=\"widget\" data-widget_type=\"icon.default\">\n\t\t\t\t\t\t\t<div class=\"elementor-icon-wrapper\">\n\t\t\t<div class=\"elementor-icon\">\n\t\t\t<svg aria-hidden=\"true\" class=\"e-font-icon-svg e-fab-facebook-f\" viewBox=\"0 0 320 512\" xmlns=\"http:\/\/www.w3.org\/2000\/svg\"><path d=\"M279.14 288l14.22-92.66h-88.91v-60.13c0-25.35 12.42-50.06 52.24-50.06h40.42V6.26S260.43 0 225.36 0c-73.22 0-121.08 44.38-121.08 124.72v70.62H22.89V288h81.39v224h100.17V288z\"><\/path><\/svg>\t\t\t<\/div>\n\t\t<\/div>\n\t\t\t\t\t\t<\/div>\n\t\t\t\t\t<\/div>\n\t\t<\/div>\n\t\t\t\t<div class=\"elementor-column elementor-col-50 elementor-inner-column elementor-element elementor-element-b0e8882\" data-id=\"b0e8882\" data-element_type=\"column\">\n\t\t\t<div class=\"elementor-widget-wrap elementor-element-populated\">\n\t\t\t\t\t\t<div class=\"elementor-element elementor-element-c783b92 elementor-widget elementor-widget-heading\" data-id=\"c783b92\" data-element_type=\"widget\" data-widget_type=\"heading.default\">\n\t\t\t\t\t<h5 class=\"elementor-heading-title elementor-size-default\">S\u00edguenos en redes<\/h5>\t\t\t\t<\/div>\n\t\t\t\t<div class=\"elementor-element elementor-element-08eb62f elementor-widget elementor-widget-heading\" data-id=\"08eb62f\" data-element_type=\"widget\" data-widget_type=\"heading.default\">\n\t\t\t\t\t<span class=\"elementor-heading-title elementor-size-default\"><a href=\"https:\/\/www.facebook.com\/gandorealstate\/\" target=\"_blank\">Gando Real State<\/a><\/span>\t\t\t\t<\/div>\n\t\t\t\t\t<\/div>\n\t\t<\/div>\n\t\t\t\t\t<\/div>\n\t\t<\/section>\n\t\t\t\t\t<\/div>\n\t\t<\/div>\n\t\t\t\t\t<\/div>\n\t\t<\/section>\n\t\t\t\t<section class=\"elementor-section elementor-top-section elementor-element elementor-element-380cb39d elementor-section-full_width elementor-section-height-default elementor-section-height-default\" data-id=\"380cb39d\" data-element_type=\"section\" id=\"rh-schedule\">\n\t\t\t\t\t\t<div class=\"elementor-container elementor-column-gap-no\">\n\t\t\t\t\t<div class=\"elementor-column elementor-col-100 elementor-top-column elementor-element elementor-element-4aa0de52\" data-id=\"4aa0de52\" data-element_type=\"column\">\n\t\t\t<div class=\"elementor-widget-wrap elementor-element-populated\">\n\t\t\t\t\t\t<section class=\"elementor-section elementor-inner-section elementor-element elementor-element-5ab9abcb elementor-section-full_width elementor-section-height-min-height elementor-section-height-default\" data-id=\"5ab9abcb\" data-element_type=\"section\" data-settings=\"{&quot;background_background&quot;:&quot;classic&quot;}\">\n\t\t\t\t\t\t<div class=\"elementor-container elementor-column-gap-default\">\n\t\t\t\t\t<div class=\"elementor-column elementor-col-50 elementor-inner-column elementor-element elementor-element-da6d733\" data-id=\"da6d733\" data-element_type=\"column\" data-settings=\"{&quot;background_background&quot;:&quot;classic&quot;}\">\n\t\t\t<div class=\"elementor-widget-wrap elementor-element-populated\">\n\t\t\t\t\t\t<div class=\"elementor-element elementor-element-4d88191 elementor-widget__width-initial elementor-widget elementor-widget-heading\" data-id=\"4d88191\" data-element_type=\"widget\" data-widget_type=\"heading.default\">\n\t\t\t\t\t<span class=\"elementor-heading-title elementor-size-default\">- Location<\/span>\t\t\t\t<\/div>\n\t\t\t\t<div class=\"elementor-element elementor-element-927a977 elementor-widget__width-initial elementor-widget elementor-widget-heading\" data-id=\"927a977\" data-element_type=\"widget\" data-widget_type=\"heading.default\">\n\t\t\t\t\t<span class=\"elementor-heading-title elementor-size-default\">- \u00bfTienes dudas? \u00bfQuieres hacer una visita?<\/span>\t\t\t\t<\/div>\n\t\t\t\t<div class=\"elementor-element elementor-element-2e48156d elementor-widget__width-initial elementor-widget elementor-widget-heading\" data-id=\"2e48156d\" data-element_type=\"widget\" data-widget_type=\"heading.default\">\n\t\t\t\t\t<h2 class=\"elementor-heading-title elementor-size-default\">Contacta con nosotros<\/h2>\t\t\t\t<\/div>\n\t\t\t\t<div class=\"elementor-element elementor-element-1bdd619 elementor-widget__width-initial elementor-widget-divider--view-line elementor-widget elementor-widget-divider\" data-id=\"1bdd619\" data-element_type=\"widget\" data-widget_type=\"divider.default\">\n\t\t\t\t\t\t\t<div class=\"elementor-divider\">\n\t\t\t<span class=\"elementor-divider-separator\">\n\t\t\t\t\t\t<\/span>\n\t\t<\/div>\n\t\t\t\t\t\t<\/div>\n\t\t\t\t<div class=\"elementor-element elementor-element-7b1d42e elementor-widget__width-initial elementor-widget-divider--view-line elementor-widget elementor-widget-divider\" data-id=\"7b1d42e\" data-element_type=\"widget\" data-widget_type=\"divider.default\">\n\t\t\t\t\t\t\t<div class=\"elementor-divider\">\n\t\t\t<span class=\"elementor-divider-separator\">\n\t\t\t\t\t\t<\/span>\n\t\t<\/div>\n\t\t\t\t\t\t<\/div>\n\t\t\t\t\t<\/div>\n\t\t<\/div>\n\t\t\t\t<div class=\"elementor-column elementor-col-50 elementor-inner-column elementor-element elementor-element-37a732ff elementor-hidden-tablet elementor-hidden-mobile\" data-id=\"37a732ff\" data-element_type=\"column\" data-settings=\"{&quot;background_background&quot;:&quot;classic&quot;}\">\n\t\t\t<div class=\"elementor-widget-wrap\">\n\t\t\t\t\t\t\t<\/div>\n\t\t<\/div>\n\t\t\t\t\t<\/div>\n\t\t<\/section>\n\t\t\t\t<section class=\"elementor-section elementor-inner-section elementor-element elementor-element-5e2ce165 elementor-section-boxed elementor-section-height-default elementor-section-height-default\" data-id=\"5e2ce165\" data-element_type=\"section\">\n\t\t\t\t\t\t<div class=\"elementor-container elementor-column-gap-default\">\n\t\t\t\t\t<div class=\"elementor-column elementor-col-100 elementor-inner-column elementor-element elementor-element-45a4b55a\" data-id=\"45a4b55a\" data-element_type=\"column\" data-settings=\"{&quot;background_background&quot;:&quot;classic&quot;}\">\n\t\t\t<div class=\"elementor-widget-wrap elementor-element-populated\">\n\t\t\t\t\t\t<div class=\"elementor-element elementor-element-39ee14c0 elementor-widget elementor-widget-heading\" data-id=\"39ee14c0\" data-element_type=\"widget\" data-widget_type=\"heading.default\">\n\t\t\t\t\t<h2 class=\"elementor-heading-title elementor-size-default\">Reserva tu visita<\/h2>\t\t\t\t<\/div>\n\t\t\t\t<div class=\"elementor-element elementor-element-333a8fa5 elementor-widget elementor-widget-rhea-inquiry-form\" data-id=\"333a8fa5\" data-element_type=\"widget\" data-widget_type=\"rhea-inquiry-form.default\">\n\t\t\t\t<div class=\"elementor-widget-container\">\n\t\t\t\t\t            <div class=\"rhea-inquiry-form-wrapper rhea-dropdown-style-\">\n                <form class=\"rhea-inquiry-form\" id=\"inquiry_333a8fa5\" action=\"https:\/\/villapepita.cooperativagando.com\/wp-admin\/admin-ajax.php\" method=\"post\">\n                    <div class=\"rhea-inquiry-form-inner\">\n\t\t\t\t\t\t                            <div class=\"rhea-inquiry-field rhea-field-type-name elementor-repeater-item-94e0293\">\n\t\t\t\t\t\t\t\t                <input class=\"rhea-inquiry-form-field  required \" name=\"name\" id=\"94e0293\" type=\"text\" placeholder=\"Nombre y apellidos\" data-msg-required=\"*Name field is required\">\n\t\t\t\t                            <\/div>\n\t\t\t\t\t\t\t                            <div class=\"rhea-inquiry-field rhea-field-type-number elementor-repeater-item-6d33441\">\n\t\t\t\t\t\t\t\t                <input class=\"rhea-inquiry-form-field \" name=\"number\" id=\"6d33441\" type=\"number\" placeholder=\"Tel\u00e9fono\" data-msg-required=\"\">\n\t\t\t\t                            <\/div>\n\t\t\t\t\t\t\t                            <div class=\"rhea-inquiry-field rhea-field-type-email elementor-repeater-item-1ecf4bc\">\n\t\t\t\t\t\t\t\t                <input class=\"rhea-inquiry-form-field  required \" name=\"email\" id=\"1ecf4bc\" type=\"email\" placeholder=\"Email\" data-msg-required=\"*Please enter valid email address\">\n\t\t\t\t                            <\/div>\n\t\t\t\t\t\t\t                            <div class=\"rhea-inquiry-field rhea-field-type-message elementor-repeater-item-ceb1797\">\n\t\t\t\t\t\t\t\t                <textarea class=\"rhea-inquiry-form-field \" name=\"message\" id=\"ceb1797\" placeholder=\"Mensaje\" cols=\"30\" rows=\"4\" data-msg-required=\"\"><\/textarea>\n\t\t\t\t                            <\/div>\n\t\t\t\t\t\t\t                        <input type=\"hidden\" name=\"nonce\" value=\"942134152c\" \/>\n                        <input type=\"hidden\" name=\"target-email\" value=\"cen&#116;r&#97;&#108;&#64;gando&#114;&#101;&#97;l&#115;ta&#116;e&#46;&#99;o&#109;\" \/>\n                        <input type=\"hidden\" name=\"target-email-cc\" value=\"\" \/>\n                        <input type=\"hidden\" name=\"target-email-bcc\" value=\"\" \/>\n                        <input type=\"hidden\" name=\"the_id\" value=\"1344\" \/>\n                        <input type=\"hidden\" name=\"action\" value=\"rhea_inquiry_send_message\" \/>\n\n\t\t\t\t\t\t                            <div class=\"rhea-inquiry-submit-wrapper submit-button-inline\">\n                                <button class=\"rhea-custom-button slide-in-left slide-bg\" type=\"submit\" name=\"submit\" id=\"inquiry-submit-333a8fa5\">\n                                    <span class=\"rhea-inquiry-button-text\">Enviar<\/span>\n                                    <div class=\"rhea-ajax-loader\">\n                                        <span class=\"rhea_loader_box\"><svg xmlns=\"http:\/\/www.w3.org\/2000\/svg\" xmlns:xlink=\"http:\/\/www.w3.org\/1999\/xlink\" width=\"32px\" height=\"32px\" viewBox=\"0 0 128 128\" xml:space=\"preserve\"><rect x=\"0\" y=\"0\" width=\"100%\" height=\"100%\" fill=\"#FFFFFF\" \/><g><path d=\"M75.4 126.63a11.43 11.43 0 0 1-2.1-22.65 40.9 40.9 0 0 0 30.5-30.6 11.4 11.4 0 1 1 22.27 4.87h.02a63.77 63.77 0 0 1-47.8 48.05v-.02a11.38 11.38 0 0 1-2.93.37z\" fill=\"#1ea69a\" fill-opacity=\"1\"\/><animateTransform attributeName=\"transform\" type=\"rotate\" from=\"0 64 64\" to=\"360 64 64\" dur=\"1000ms\" repeatCount=\"indefinite\"><\/animateTransform><\/g><\/svg>\n<\/span>\n                                    <\/div>\n                                <\/button>\n                            <\/div>\n\t\t\t\t\t\t\t                        <div class=\"rhea-inquiry-form-break\"><\/div>\n                        <div class=\"rhea-message-container\"><\/div>\n                        <div class=\"rhea-error-container\"><\/div>\n\t\t\t\t\t\t                    <\/div>\n                <\/form>\n            <\/div>\n\t\t\t                <script type=\"application\/javascript\">\n                    jQuery( document ).on( 'ready', function () {\n                        rheaSelectPicker( \"#inquiry_333a8fa5 select.rhea_multi_select_picker\" );\n                        rheaSubmitContactForm( \"#inquiry_333a8fa5\", \"#inquiry-submit-333a8fa5\" );\n                    } );\n                <\/script>\n\t\t\t\t\t\t\t\t<\/div>\n\t\t\t\t<\/div>\n\t\t\t\t\t<\/div>\n\t\t<\/div>\n\t\t\t\t\t<\/div>\n\t\t<\/section>\n\t\t\t\t\t<\/div>\n\t\t<\/div>\n\t\t\t\t\t<\/div>\n\t\t<\/section>\n\t\t\t\t<\/div>\n\t\t","protected":false},"excerpt":{"rendered":"<p>&#8211; Ubicaci\u00f3n inmejorable Estamos a tu disposici\u00f3n Ll\u00e1manos ahora 955 679 621 Escr\u00edbenos un mail central@gandorealstate.com S\u00edguenos en redes Gando Real State &#8211; Location &#8211; \u00bfTienes dudas? \u00bfQuieres hacer una visita? Contacta con nosotros Reserva tu visita Enviar<\/p>\n","protected":false},"author":1,"featured_media":0,"parent":0,"menu_order":0,"comment_status":"closed","ping_status":"closed","template":"elementor_header_footer","meta":{"footnotes":""},"class_list":["post-1344","page","type-page","status-publish","hentry"],"_links":{"self":[{"href":"https:\/\/villapepita.cooperativagando.com\/index.php\/wp-json\/wp\/v2\/pages\/1344","targetHints":{"allow":["GET"]}}],"collection":[{"href":"https:\/\/villapepita.cooperativagando.com\/index.php\/wp-json\/wp\/v2\/pages"}],"about":[{"href":"https:\/\/villapepita.cooperativagando.com\/index.php\/wp-json\/wp\/v2\/types\/page"}],"author":[{"embeddable":true,"href":"https:\/\/villapepita.cooperativagando.com\/index.php\/wp-json\/wp\/v2\/users\/1"}],"replies":[{"embeddable":true,"href":"https:\/\/villapepita.cooperativagando.com\/index.php\/wp-json\/wp\/v2\/comments?post=1344"}],"version-history":[{"count":19,"href":"https:\/\/villapepita.cooperativagando.com\/index.php\/wp-json\/wp\/v2\/pages\/1344\/revisions"}],"predecessor-version":[{"id":1403,"href":"https:\/\/villapepita.cooperativagando.com\/index.php\/wp-json\/wp\/v2\/pages\/1344\/revisions\/1403"}],"wp:attachment":[{"href":"https:\/\/villapepita.cooperativagando.com\/index.php\/wp-json\/wp\/v2\/media?parent=1344"}],"curies":[{"name":"wp","href":"https:\/\/api.w.org\/{rel}","templated":true}]}}